{"id":23894,"date":"2013-09-04T23:26:19","date_gmt":"2013-09-04T23:26:19","guid":{"rendered":"http:\/\/projects.asalahsolutions.com\/bostan\/?page_id=2"},"modified":"2018-06-25T11:54:56","modified_gmt":"2018-06-25T11:54:56","slug":"chi-siamo","status":"publish","type":"page","link":"https:\/\/my-serr.ch\/wp\/chi-siamo\/","title":{"rendered":"Chi siamo"},"content":{"rendered":"<p>[vc_row][vc_column][vc_column_text]<\/p>\n<blockquote>\n<p style=\"text-align: center;\">Michel Del Don vi da il suo benvenuto ed \u00e8 disponibile per una consulenza gratuita assicurando seriet\u00e0 e professionalit\u00e0.<\/p>\n<\/blockquote>\n<p>[\/vc_column_text][\/vc_column][\/vc_row][vc_row css=&#8221;.vc_custom_1528396695957{padding-top: 20px !important;}&#8221;][vc_column width=&#8221;1\/2&#8243;][vc_column_text]Due sono i reparti specializzati.<\/p>\n<p>La produzione e la posa di finestre, finestre scorrevoli e portoncini in PVC con il profilo Veka, bianchi o colorati.<\/p>\n<p>La falegnameria in genere con la produzione di porte d\u2019entrata in legno, finestre, porte interne, cucine, armadi a muro, porta tende e scossetti.<br \/>\nUna ditta giovane ma dinamica che intende vieppi\u00f9 crescere nel tempo mantenendo per\u00f2 una caratteristica famigliare basata sul contatto diretto con la clientela, nella cura della qualit\u00e0 e nel servizio dopo-vendita.<\/p>\n<p>Qualit\u00e0 e design, ovvero due punti fermi che My.Serr ha fatto suo per rivolgersi alla clientela con prodotti selezionati nel ramo della costruzione.[\/vc_column_text][\/vc_column][vc_column width=&#8221;1\/2&#8243;][vc_single_image image=&#8221;23932&#8243; img_size=&#8221;full&#8221;][\/vc_column][\/vc_row]<\/p>\n","protected":false},"excerpt":{"rendered":"<p>[vc_row][vc_column][vc_column_text] Michel Del Don vi da il suo benvenuto ed \u00e8 disponibile per una consulenza gratuita assicurando seriet\u00e0 e professionalit\u00e0. [\/vc_column_text][\/vc_column][\/vc_row][vc_row css=&#8221;.vc_custom_1528396695957{padding-top: 20px !important;}&#8221;][vc_column width=&#8221;1\/2&#8243;][vc_column_text]Due sono i reparti specializzati. La produzione e la posa di finestre, finestre scorrevoli e portoncini in PVC con il profilo Veka, bianchi o colorati. La falegnameria in genere con la [&hellip;]<\/p>\n","protected":false},"author":1,"featured_media":0,"parent":0,"menu_order":0,"comment_status":"open","ping_status":"closed","template":"page-builder.php","meta":{"footnotes":""},"class_list":["post-23894","page","type-page","status-publish","hentry"],"_links":{"self":[{"href":"https:\/\/my-serr.ch\/wp\/wp-json\/wp\/v2\/pages\/23894","targetHints":{"allow":["GET"]}}],"collection":[{"href":"https:\/\/my-serr.ch\/wp\/wp-json\/wp\/v2\/pages"}],"about":[{"href":"https:\/\/my-serr.ch\/wp\/wp-json\/wp\/v2\/types\/page"}],"author":[{"embeddable":true,"href":"https:\/\/my-serr.ch\/wp\/wp-json\/wp\/v2\/users\/1"}],"replies":[{"embeddable":true,"href":"https:\/\/my-serr.ch\/wp\/wp-json\/wp\/v2\/comments?post=23894"}],"version-history":[{"count":7,"href":"https:\/\/my-serr.ch\/wp\/wp-json\/wp\/v2\/pages\/23894\/revisions"}],"predecessor-version":[{"id":23995,"href":"https:\/\/my-serr.ch\/wp\/wp-json\/wp\/v2\/pages\/23894\/revisions\/23995"}],"wp:attachment":[{"href":"https:\/\/my-serr.ch\/wp\/wp-json\/wp\/v2\/media?parent=23894"}],"curies":[{"name":"wp","href":"https:\/\/api.w.org\/{rel}","templated":true}]}}